{"id":61767,"date":"2022-05-10T15:16:21","date_gmt":"2022-05-10T14:16:21","guid":{"rendered":"https:\/\/www.typsa.com\/africa\/"},"modified":"2022-06-20T09:54:34","modified_gmt":"2022-06-20T08:54:34","slug":"africa","status":"publish","type":"page","link":"https:\/\/www.typsa.com\/en\/africa\/","title":{"rendered":"Africa"},"content":{"rendered":"\t\t<div data-elementor-type=\"wp-page\" data-elementor-id=\"61767\" class=\"elementor elementor-61767 elementor-61750\" data-elementor-post-type=\"page\">\n\t\t\t\t\t\t<section class=\"elementor-section elementor-top-section elementor-element elementor-element-69e2888 elementor-section-height-min-height elementor-section-content-bottom elementor-section-items-bottom elementor-section-boxed elementor-section-height-default\" data-id=\"69e2888\" data-element_type=\"section\" data-e-type=\"section\" data-settings=\"{&quot;background_background&quot;:&quot;classic&quot;}\">\n\t\t\t\t\t\t\t<div class=\"elementor-background-overlay\"><\/div>\n\t\t\t\t\t\t\t<div class=\"elementor-container elementor-column-gap-default\">\n\t\t\t\t\t<div class=\"elementor-column elementor-col-100 elementor-top-column elementor-element elementor-element-d02d26e\" data-id=\"d02d26e\" data-element_type=\"column\" data-e-type=\"column\" data-settings=\"{&quot;background_background&quot;:&quot;classic&quot;}\">\n\t\t\t<div class=\"elementor-widget-wrap elementor-element-populated\">\n\t\t\t\t\t\t<div class=\"elementor-element elementor-element-267c0f3 elementor-widget elementor-widget-menu-anchor\" data-id=\"267c0f3\" data-element_type=\"widget\" data-e-type=\"widget\" data-widget_type=\"menu-anchor.default\">\n\t\t\t\t<div class=\"elementor-widget-container\">\n\t\t\t\t\t\t\t<div class=\"elementor-menu-anchor\" id=\"ancla_contenido\"><\/div>\n\t\t\t\t\t\t<\/div>\n\t\t\t\t<\/div>\n\t\t\t\t<div class=\"elementor-element elementor-element-f225000 elementor-hidden-tablet elementor-hidden-phone elementor-view-default elementor-widget elementor-widget-icon\" data-id=\"f225000\" data-element_type=\"widget\" data-e-type=\"widget\" data-widget_type=\"icon.default\">\n\t\t\t\t<div class=\"elementor-widget-container\">\n\t\t\t\t\t\t\t<div class=\"elementor-icon-wrapper\">\n\t\t\t<a class=\"elementor-icon elementor-animation-sink\" href=\"#ancla_contenido\">\n\t\t\t<i aria-hidden=\"true\" class=\"fas fa-chevron-down\"><\/i>\t\t\t<\/a>\n\t\t<\/div>\n\t\t\t\t\t\t<\/div>\n\t\t\t\t<\/div>\n\t\t\t\t\t<\/div>\n\t\t<\/div>\n\t\t\t\t\t<\/div>\n\t\t<\/section>\n\t\t\t\t<section class=\"elementor-section elementor-top-section elementor-element elementor-element-b3ca98b elementor-section-full_width elementor-section-height-default elementor-section-height-default\" data-id=\"b3ca98b\" data-element_type=\"section\" data-e-type=\"section\" data-settings=\"{&quot;background_background&quot;:&quot;classic&quot;}\">\n\t\t\t\t\t\t<div class=\"elementor-container elementor-column-gap-default\">\n\t\t\t\t\t<div class=\"elementor-column elementor-col-100 elementor-top-column elementor-element elementor-element-76c3264\" data-id=\"76c3264\" data-element_type=\"column\" data-e-type=\"column\">\n\t\t\t<div class=\"elementor-widget-wrap elementor-element-populated\">\n\t\t\t\t\t\t<section class=\"elementor-section elementor-inner-section elementor-element elementor-element-0f95399 elementor-section-boxed elementor-section-height-default elementor-section-height-default\" data-id=\"0f95399\" data-element_type=\"section\" data-e-type=\"section\">\n\t\t\t\t\t\t<div class=\"elementor-container elementor-column-gap-default\">\n\t\t\t\t\t<div class=\"elementor-column elementor-col-100 elementor-inner-column elementor-element elementor-element-db2fb54\" data-id=\"db2fb54\" data-element_type=\"column\" data-e-type=\"column\">\n\t\t\t<div class=\"elementor-widget-wrap elementor-element-populated\">\n\t\t\t\t\t\t<div class=\"elementor-element elementor-element-a1380f5 elementor-align-left elementor-tablet-align-left elementor-mobile-align-left elementor-widget elementor-widget-breadcrumbs\" data-id=\"a1380f5\" data-element_type=\"widget\" data-e-type=\"widget\" data-widget_type=\"breadcrumbs.default\">\n\t\t\t\t<div class=\"elementor-widget-container\">\n\t\t\t\t\t<p id=\"breadcrumbs\"><span><span><a href=\"https:\/\/www.typsa.com\/en\/\">Home<\/a><\/span><\/span><\/p>\t\t\t\t<\/div>\n\t\t\t\t<\/div>\n\t\t\t\t\t<\/div>\n\t\t<\/div>\n\t\t\t\t\t<\/div>\n\t\t<\/section>\n\t\t\t\t<div class=\"elementor-element elementor-element-77ec8d4 elementor-widget-divider--view-line elementor-widget elementor-widget-divider\" data-id=\"77ec8d4\" data-element_type=\"widget\" data-e-type=\"widget\" data-widget_type=\"divider.default\">\n\t\t\t\t<div class=\"elementor-widget-container\">\n\t\t\t\t\t\t\t<div class=\"elementor-divider\">\n\t\t\t<span class=\"elementor-divider-separator\">\n\t\t\t\t\t\t<\/span>\n\t\t<\/div>\n\t\t\t\t\t\t<\/div>\n\t\t\t\t<\/div>\n\t\t\t\t\t<\/div>\n\t\t<\/div>\n\t\t\t\t\t<\/div>\n\t\t<\/section>\n\t\t\t\t<section class=\"elementor-section elementor-top-section elementor-element elementor-element-7828a2f0 elementor-reverse-mobile elementor-section-boxed elementor-section-height-default elementor-section-height-default\" data-id=\"7828a2f0\" data-element_type=\"section\" data-e-type=\"section\" data-settings=\"{&quot;background_background&quot;:&quot;classic&quot;}\">\n\t\t\t\t\t\t<div class=\"elementor-container elementor-column-gap-default\">\n\t\t\t\t\t<div class=\"elementor-column elementor-col-100 elementor-top-column elementor-element elementor-element-704ea104\" data-id=\"704ea104\" data-element_type=\"column\" data-e-type=\"column\">\n\t\t\t<div class=\"elementor-widget-wrap elementor-element-populated\">\n\t\t\t\t\t\t<div class=\"elementor-element elementor-element-46f3f554 elementor-widget elementor-widget-heading\" data-id=\"46f3f554\" data-element_type=\"widget\" data-e-type=\"widget\" data-widget_type=\"heading.default\">\n\t\t\t\t<div class=\"elementor-widget-container\">\n\t\t\t\t\t<h2 class=\"elementor-heading-title elementor-size-default\">Where we are<\/h2>\t\t\t\t<\/div>\n\t\t\t\t<\/div>\n\t\t\t\t<div class=\"elementor-element elementor-element-6c69c56f elementor-widget-divider--view-line elementor-widget elementor-widget-divider\" data-id=\"6c69c56f\" data-element_type=\"widget\" data-e-type=\"widget\" data-widget_type=\"divider.default\">\n\t\t\t\t<div class=\"elementor-widget-container\">\n\t\t\t\t\t\t\t<div class=\"elementor-divider\">\n\t\t\t<span class=\"elementor-divider-separator\">\n\t\t\t\t\t\t<\/span>\n\t\t<\/div>\n\t\t\t\t\t\t<\/div>\n\t\t\t\t<\/div>\n\t\t\t\t<div class=\"elementor-element elementor-element-7df7c5cd elementor-widget elementor-widget-heading\" data-id=\"7df7c5cd\" data-element_type=\"widget\" data-e-type=\"widget\" data-widget_type=\"heading.default\">\n\t\t\t\t<div class=\"elementor-widget-container\">\n\t\t\t\t\t<h1 class=\"elementor-heading-title elementor-size-large\">Africa<\/h1>\t\t\t\t<\/div>\n\t\t\t\t<\/div>\n\t\t\t\t<section class=\"elementor-section elementor-inner-section elementor-element elementor-element-400c07b1 elementor-section-boxed elementor-section-height-default elementor-section-height-default\" data-id=\"400c07b1\" data-element_type=\"section\" data-e-type=\"section\">\n\t\t\t\t\t\t<div class=\"elementor-container elementor-column-gap-default\">\n\t\t\t\t\t<div class=\"elementor-column elementor-col-50 elementor-inner-column elementor-element elementor-element-78fc8dc7\" data-id=\"78fc8dc7\" data-element_type=\"column\" data-e-type=\"column\">\n\t\t\t<div class=\"elementor-widget-wrap elementor-element-populated\">\n\t\t\t\t\t\t<div class=\"elementor-element elementor-element-c04eda4 elementor-widget elementor-widget-text-editor\" data-id=\"c04eda4\" data-element_type=\"widget\" data-e-type=\"widget\" data-widget_type=\"text-editor.default\">\n\t\t\t\t<div class=\"elementor-widget-container\">\n\t\t\t\t\t\t\t\t\t<p>TYPSA has been working in Africa since the 1970s when it was involved in projects such as the design and construction supervision of the Al Izdihar Dam in Algeria. When <a href=\"http:\/\/www.agrer.com\/\" target=\"_blank\" rel=\"noopener noreferrer\">AGRER<\/a> became a member of the Group<u>,<\/u>it consolidated TYPSA\u2019s profile with its own considerable experience in the region, which dates back to the end of the 1950s in the Democratic Republic of the Congo.<\/p><p>The Africa Regional Management Area is structured in three Management Areas:<\/p>\t\t\t\t\t\t\t\t<\/div>\n\t\t\t\t<\/div>\n\t\t\t\t<div class=\"elementor-element elementor-element-b283b83 elementor-widget elementor-widget-toggle\" data-id=\"b283b83\" data-element_type=\"widget\" data-e-type=\"widget\" data-widget_type=\"toggle.default\">\n\t\t\t\t<div class=\"elementor-widget-container\">\n\t\t\t\t\t\t\t<div class=\"elementor-toggle\">\n\t\t\t\t\t\t\t<div class=\"elementor-toggle-item\">\n\t\t\t\t\t<h4 id=\"elementor-tab-title-1871\" class=\"elementor-tab-title\" data-tab=\"1\" role=\"button\" aria-controls=\"elementor-tab-content-1871\" aria-expanded=\"false\">\n\t\t\t\t\t\t\t\t\t\t\t\t<span class=\"elementor-toggle-icon elementor-toggle-icon-left\" aria-hidden=\"true\">\n\t\t\t\t\t\t\t\t\t\t\t\t\t\t\t<span class=\"elementor-toggle-icon-closed\"><i class=\"fas fa-caret-right\"><\/i><\/span>\n\t\t\t\t\t\t\t\t<span class=\"elementor-toggle-icon-opened\"><i class=\"elementor-toggle-icon-opened fas fa-caret-up\"><\/i><\/span>\n\t\t\t\t\t\t\t\t\t\t\t\t\t<\/span>\n\t\t\t\t\t\t\t\t\t\t\t\t<a class=\"elementor-toggle-title\" tabindex=\"0\">French-speaking Africa<\/a>\n\t\t\t\t\t<\/h4>\n\n\t\t\t\t\t<div id=\"elementor-tab-content-1871\" class=\"elementor-tab-content elementor-clearfix\" data-tab=\"1\" role=\"region\" aria-labelledby=\"elementor-tab-title-1871\"><p>The Group has gained experience in Algeria, Angola, Benin, Burkina Faso, Cameroon, Chad, Cote d\u2019Ivoire, Djibouti, Gabon, Guinea Conakry, Equatorial Guinea, Madagascar, Mali, Mauritania, Morocco, Niger, Central African Republic, S\u00e3o Tom\u00e9 and Pr\u00edncipe, Senegal, Togo and Tunisia. A permanent area office operates in Tunisia.<\/p><p>Activity in these countries encompasses all TYPSA\u2019s traditional business lines, namely transport infrastructure, architecture and buildings, water engineering and the environment.<\/p><\/div>\n\t\t\t\t<\/div>\n\t\t\t\t\t\t\t\t<\/div>\n\t\t\t\t\t\t<\/div>\n\t\t\t\t<\/div>\n\t\t\t\t<div class=\"elementor-element elementor-element-cc12afb elementor-widget elementor-widget-toggle\" data-id=\"cc12afb\" data-element_type=\"widget\" data-e-type=\"widget\" data-widget_type=\"toggle.default\">\n\t\t\t\t<div class=\"elementor-widget-container\">\n\t\t\t\t\t\t\t<div class=\"elementor-toggle\">\n\t\t\t\t\t\t\t<div class=\"elementor-toggle-item\">\n\t\t\t\t\t<h4 id=\"elementor-tab-title-2131\" class=\"elementor-tab-title\" data-tab=\"1\" role=\"button\" aria-controls=\"elementor-tab-content-2131\" aria-expanded=\"false\">\n\t\t\t\t\t\t\t\t\t\t\t\t<span class=\"elementor-toggle-icon elementor-toggle-icon-left\" aria-hidden=\"true\">\n\t\t\t\t\t\t\t\t\t\t\t\t\t\t\t<span class=\"elementor-toggle-icon-closed\"><i class=\"fas fa-caret-right\"><\/i><\/span>\n\t\t\t\t\t\t\t\t<span class=\"elementor-toggle-icon-opened\"><i class=\"elementor-toggle-icon-opened fas fa-caret-up\"><\/i><\/span>\n\t\t\t\t\t\t\t\t\t\t\t\t\t<\/span>\n\t\t\t\t\t\t\t\t\t\t\t\t<a class=\"elementor-toggle-title\" tabindex=\"0\">English-speaking Africa<\/a>\n\t\t\t\t\t<\/h4>\n\n\t\t\t\t\t<div id=\"elementor-tab-content-2131\" class=\"elementor-tab-content elementor-clearfix\" data-tab=\"1\" role=\"region\" aria-labelledby=\"elementor-tab-title-2131\"><p>TYPSA began its activity in English-speaking Africa in 1992 working in Kenya and Uganda. Since then the company has successfully completed more than 40 projects in numerous countries in the region, setting up a permanent office in Kenya in 2011.<\/p><p>Projects as technically diverse as the L\u00fcderitz Drinking Water Supply Feasibility Study or the Tororo \u2013 Gulu Railway Line Rehabilitation, have been carried out in Namibia and Uganda, respectively, while others have been completed in Botswana, Ethiopia, Malawi, Mozambique, Namibia, Ruanda, South Africa, Tanzania and Zambia.<\/p><\/div>\n\t\t\t\t<\/div>\n\t\t\t\t\t\t\t\t<\/div>\n\t\t\t\t\t\t<\/div>\n\t\t\t\t<\/div>\n\t\t\t\t<div class=\"elementor-element elementor-element-e77cef0 elementor-widget elementor-widget-toggle\" data-id=\"e77cef0\" data-element_type=\"widget\" data-e-type=\"widget\" data-widget_type=\"toggle.default\">\n\t\t\t\t<div class=\"elementor-widget-container\">\n\t\t\t\t\t\t\t<div class=\"elementor-toggle\">\n\t\t\t\t\t\t\t<div class=\"elementor-toggle-item\">\n\t\t\t\t\t<h4 id=\"elementor-tab-title-2421\" class=\"elementor-tab-title\" data-tab=\"1\" role=\"button\" aria-controls=\"elementor-tab-content-2421\" aria-expanded=\"false\">\n\t\t\t\t\t\t\t\t\t\t\t\t<span class=\"elementor-toggle-icon elementor-toggle-icon-left\" aria-hidden=\"true\">\n\t\t\t\t\t\t\t\t\t\t\t\t\t\t\t<span class=\"elementor-toggle-icon-closed\"><i class=\"fas fa-caret-right\"><\/i><\/span>\n\t\t\t\t\t\t\t\t<span class=\"elementor-toggle-icon-opened\"><i class=\"elementor-toggle-icon-opened fas fa-caret-up\"><\/i><\/span>\n\t\t\t\t\t\t\t\t\t\t\t\t\t<\/span>\n\t\t\t\t\t\t\t\t\t\t\t\t<a class=\"elementor-toggle-title\" tabindex=\"0\">Portuguese-speaking Africa<\/a>\n\t\t\t\t\t<\/h4>\n\n\t\t\t\t\t<div id=\"elementor-tab-content-2421\" class=\"elementor-tab-content elementor-clearfix\" data-tab=\"1\" role=\"region\" aria-labelledby=\"elementor-tab-title-2421\"><p>Through <a href=\"https:\/\/tecnofisil.pt\/\">TECNOFISIL<\/a>, our Portuguese Group member, we have worked in the fields of civil engineering (roads and water) and urban development in Guinea-Bissau, Angola, Mozambique, S\u00e3o Tom\u00e9 and Pr\u00edncipe, and Malawi, where we have mainly focused on construction management and supervision. The designs and projects in these countries are prepared and managed from the office in Lisbon, Portugal.<\/p><\/div>\n\t\t\t\t<\/div>\n\t\t\t\t\t\t\t\t<\/div>\n\t\t\t\t\t\t<\/div>\n\t\t\t\t<\/div>\n\t\t\t\t\t<\/div>\n\t\t<\/div>\n\t\t\t\t<div class=\"elementor-column elementor-col-50 elementor-inner-column elementor-element elementor-element-392e2432\" data-id=\"392e2432\" data-element_type=\"column\" data-e-type=\"column\">\n\t\t\t<div class=\"elementor-widget-wrap elementor-element-populated\">\n\t\t\t\t\t\t<div class=\"elementor-element elementor-element-f8a3890 elementor-widget elementor-widget-image\" data-id=\"f8a3890\" data-element_type=\"widget\" data-e-type=\"widget\" data-widget_type=\"image.default\">\n\t\t\t\t<div class=\"elementor-widget-container\">\n\t\t\t\t\t\t\t\t\t\t\t\t\t\t\t<img fetchpriority=\"high\" decoding=\"async\" width=\"512\" height=\"512\" src=\"https:\/\/www.typsa.com\/wp-content\/uploads\/logo-grupo-Typsa_centrado.jpg\" class=\"attachment-large size-large wp-image-56641\" alt=\"\" srcset=\"https:\/\/www.typsa.com\/wp-content\/uploads\/logo-grupo-Typsa_centrado.jpg 512w, https:\/\/www.typsa.com\/wp-content\/uploads\/logo-grupo-Typsa_centrado-150x150.jpg 150w\" sizes=\"(max-width: 512px) 100vw, 512px\" \/>\t\t\t\t\t\t\t\t\t\t\t\t\t\t\t<\/div>\n\t\t\t\t<\/div>\n\t\t\t\t<div class=\"elementor-element elementor-element-51f09e94 elementor-widget elementor-widget-heading\" data-id=\"51f09e94\" data-element_type=\"widget\" data-e-type=\"widget\" data-widget_type=\"heading.default\">\n\t\t\t\t<div class=\"elementor-widget-container\">\n\t\t\t\t\t<h5 class=\"elementor-heading-title elementor-size-default\">Joaqu\u00edn Barba<\/h5>\t\t\t\t<\/div>\n\t\t\t\t<\/div>\n\t\t\t\t<div class=\"elementor-element elementor-element-39be5657 elementor-widget elementor-widget-heading\" data-id=\"39be5657\" data-element_type=\"widget\" data-e-type=\"widget\" data-widget_type=\"heading.default\">\n\t\t\t\t<div class=\"elementor-widget-container\">\n\t\t\t\t\t<h6 class=\"elementor-heading-title elementor-size-default\">Regional Director<\/h6>\t\t\t\t<\/div>\n\t\t\t\t<\/div>\n\t\t\t\t\t<\/div>\n\t\t<\/div>\n\t\t\t\t\t<\/div>\n\t\t<\/section>\n\t\t\t\t\t<\/div>\n\t\t<\/div>\n\t\t\t\t\t<\/div>\n\t\t<\/section>\n\t\t\t\t<section class=\"elementor-section elementor-top-section elementor-element elementor-element-4ac31db3 elementor-section-boxed elementor-section-height-default elementor-section-height-default\" data-id=\"4ac31db3\" data-element_type=\"section\" data-e-type=\"section\" data-settings=\"{&quot;background_background&quot;:&quot;classic&quot;}\">\n\t\t\t\t\t\t<div class=\"elementor-container elementor-column-gap-default\">\n\t\t\t\t\t<div class=\"elementor-column elementor-col-100 elementor-top-column elementor-element elementor-element-46ba12e0\" data-id=\"46ba12e0\" data-element_type=\"column\" data-e-type=\"column\">\n\t\t\t<div class=\"elementor-widget-wrap elementor-element-populated\">\n\t\t\t\t\t\t<div class=\"elementor-element elementor-element-45140567 elementor-widget elementor-widget-heading\" data-id=\"45140567\" data-element_type=\"widget\" data-e-type=\"widget\" data-widget_type=\"heading.default\">\n\t\t\t\t<div class=\"elementor-widget-container\">\n\t\t\t\t\t<h4 class=\"elementor-heading-title elementor-size-default\">Related Projects<\/h4>\t\t\t\t<\/div>\n\t\t\t\t<\/div>\n\t\t\t\t\t<\/div>\n\t\t<\/div>\n\t\t\t\t\t<\/div>\n\t\t<\/section>\n\t\t\t\t<\/div>\n\t\t","protected":false},"excerpt":{"rendered":"<p>Where we are Africa TYPSA has been working in Africa since the 1970s when it was involved in projects such as the design and construction supervision of the Al Izdihar Dam in Algeria. When AGRER became a member of the Group,it consolidated TYPSA\u2019s profile with its own considerable experience in the region, which dates back &#8230; <a title=\"Africa\" class=\"read-more\" href=\"https:\/\/www.typsa.com\/en\/africa\/\" aria-label=\"Read more about Africa\">Read more<\/a><\/p>\n","protected":false},"author":1,"featured_media":0,"parent":0,"menu_order":0,"comment_status":"closed","ping_status":"closed","template":"elementor_header_footer","meta":{"_acf_changed":false,"footnotes":""},"class_list":["post-61767","page","type-page","status-publish"],"acf":[],"yoast_head":"<!-- This site is optimized with the Yoast SEO plugin v27.5 - https:\/\/yoast.com\/product\/yoast-seo-wordpress\/ -->\n<title>Africa - Grupo TYPSA<\/title>\n<meta name=\"robots\" content=\"index, follow, max-snippet:-1, max-image-preview:large, max-video-preview:-1\" \/>\n<link rel=\"canonical\" href=\"https:\/\/www.typsa.com\/en\/africa\/\" \/>\n<meta property=\"og:locale\" content=\"en_US\" \/>\n<meta property=\"og:type\" content=\"article\" \/>\n<meta property=\"og:title\" content=\"Africa - Grupo TYPSA\" \/>\n<meta property=\"og:description\" content=\"Where we are Africa TYPSA has been working in Africa since the 1970s when it was involved in projects such as the design and construction supervision of the Al Izdihar Dam in Algeria. When AGRER became a member of the Group,it consolidated TYPSA\u2019s profile with its own considerable experience in the region, which dates back ... Read more\" \/>\n<meta property=\"og:url\" content=\"https:\/\/www.typsa.com\/en\/africa\/\" \/>\n<meta property=\"og:site_name\" content=\"Grupo TYPSA\" \/>\n<meta property=\"article:modified_time\" content=\"2022-06-20T08:54:34+00:00\" \/>\n<meta property=\"og:image\" content=\"https:\/\/www.typsa.com\/wp-content\/uploads\/logo-grupo-Typsa_centrado.jpg\" \/>\n<meta name=\"twitter:card\" content=\"summary_large_image\" \/>\n<meta name=\"twitter:label1\" content=\"Est. reading time\" \/>\n\t<meta name=\"twitter:data1\" content=\"2 minutes\" \/>\n<script type=\"application\/ld+json\" class=\"yoast-schema-graph\">{\"@context\":\"https:\\\/\\\/schema.org\",\"@graph\":[{\"@type\":\"WebPage\",\"@id\":\"https:\\\/\\\/www.typsa.com\\\/en\\\/africa\\\/\",\"url\":\"https:\\\/\\\/www.typsa.com\\\/en\\\/africa\\\/\",\"name\":\"Africa - Grupo TYPSA\",\"isPartOf\":{\"@id\":\"https:\\\/\\\/www.typsa.com\\\/en\\\/#website\"},\"primaryImageOfPage\":{\"@id\":\"https:\\\/\\\/www.typsa.com\\\/en\\\/africa\\\/#primaryimage\"},\"image\":{\"@id\":\"https:\\\/\\\/www.typsa.com\\\/en\\\/africa\\\/#primaryimage\"},\"thumbnailUrl\":\"https:\\\/\\\/www.typsa.com\\\/wp-content\\\/uploads\\\/logo-grupo-Typsa_centrado.jpg\",\"datePublished\":\"2022-05-10T14:16:21+00:00\",\"dateModified\":\"2022-06-20T08:54:34+00:00\",\"breadcrumb\":{\"@id\":\"https:\\\/\\\/www.typsa.com\\\/en\\\/africa\\\/#breadcrumb\"},\"inLanguage\":\"en-US\",\"potentialAction\":[{\"@type\":\"ReadAction\",\"target\":[\"https:\\\/\\\/www.typsa.com\\\/en\\\/africa\\\/\"]}]},{\"@type\":\"ImageObject\",\"inLanguage\":\"en-US\",\"@id\":\"https:\\\/\\\/www.typsa.com\\\/en\\\/africa\\\/#primaryimage\",\"url\":\"https:\\\/\\\/www.typsa.com\\\/wp-content\\\/uploads\\\/logo-grupo-Typsa_centrado.jpg\",\"contentUrl\":\"https:\\\/\\\/www.typsa.com\\\/wp-content\\\/uploads\\\/logo-grupo-Typsa_centrado.jpg\"},{\"@type\":\"BreadcrumbList\",\"@id\":\"https:\\\/\\\/www.typsa.com\\\/en\\\/africa\\\/#breadcrumb\",\"itemListElement\":[{\"@type\":\"ListItem\",\"position\":1,\"name\":\"Home\",\"item\":\"https:\\\/\\\/www.typsa.com\\\/en\\\/\"},{\"@type\":\"ListItem\",\"position\":2,\"name\":\"Africa\"}]},{\"@type\":\"WebSite\",\"@id\":\"https:\\\/\\\/www.typsa.com\\\/en\\\/#website\",\"url\":\"https:\\\/\\\/www.typsa.com\\\/en\\\/\",\"name\":\"Grupo TYPSA\",\"description\":\"Grupo TYPSA\",\"publisher\":{\"@id\":\"https:\\\/\\\/www.typsa.com\\\/en\\\/#organization\"},\"potentialAction\":[{\"@type\":\"SearchAction\",\"target\":{\"@type\":\"EntryPoint\",\"urlTemplate\":\"https:\\\/\\\/www.typsa.com\\\/en\\\/?s={search_term_string}\"},\"query-input\":{\"@type\":\"PropertyValueSpecification\",\"valueRequired\":true,\"valueName\":\"search_term_string\"}}],\"inLanguage\":\"en-US\"},{\"@type\":\"Organization\",\"@id\":\"https:\\\/\\\/www.typsa.com\\\/en\\\/#organization\",\"name\":\"Grupo TYPSA\",\"url\":\"https:\\\/\\\/www.typsa.com\\\/en\\\/\",\"logo\":{\"@type\":\"ImageObject\",\"inLanguage\":\"en-US\",\"@id\":\"https:\\\/\\\/www.typsa.com\\\/en\\\/#\\\/schema\\\/logo\\\/image\\\/\",\"url\":\"https:\\\/\\\/www.typsa.com\\\/wp-content\\\/uploads\\\/logo-grupo-Typsa-300x300-1.png\",\"contentUrl\":\"https:\\\/\\\/www.typsa.com\\\/wp-content\\\/uploads\\\/logo-grupo-Typsa-300x300-1.png\",\"width\":300,\"height\":300,\"caption\":\"Grupo TYPSA\"},\"image\":{\"@id\":\"https:\\\/\\\/www.typsa.com\\\/en\\\/#\\\/schema\\\/logo\\\/image\\\/\"}}]}<\/script>\n<!-- \/ Yoast SEO plugin. -->","yoast_head_json":{"title":"Africa - Grupo TYPSA","robots":{"index":"index","follow":"follow","max-snippet":"max-snippet:-1","max-image-preview":"max-image-preview:large","max-video-preview":"max-video-preview:-1"},"canonical":"https:\/\/www.typsa.com\/en\/africa\/","og_locale":"en_US","og_type":"article","og_title":"Africa - Grupo TYPSA","og_description":"Where we are Africa TYPSA has been working in Africa since the 1970s when it was involved in projects such as the design and construction supervision of the Al Izdihar Dam in Algeria. When AGRER became a member of the Group,it consolidated TYPSA\u2019s profile with its own considerable experience in the region, which dates back ... Read more","og_url":"https:\/\/www.typsa.com\/en\/africa\/","og_site_name":"Grupo TYPSA","article_modified_time":"2022-06-20T08:54:34+00:00","og_image":[{"url":"https:\/\/www.typsa.com\/wp-content\/uploads\/logo-grupo-Typsa_centrado.jpg","type":"","width":"","height":""}],"twitter_card":"summary_large_image","twitter_misc":{"Est. reading time":"2 minutes"},"schema":{"@context":"https:\/\/schema.org","@graph":[{"@type":"WebPage","@id":"https:\/\/www.typsa.com\/en\/africa\/","url":"https:\/\/www.typsa.com\/en\/africa\/","name":"Africa - Grupo TYPSA","isPartOf":{"@id":"https:\/\/www.typsa.com\/en\/#website"},"primaryImageOfPage":{"@id":"https:\/\/www.typsa.com\/en\/africa\/#primaryimage"},"image":{"@id":"https:\/\/www.typsa.com\/en\/africa\/#primaryimage"},"thumbnailUrl":"https:\/\/www.typsa.com\/wp-content\/uploads\/logo-grupo-Typsa_centrado.jpg","datePublished":"2022-05-10T14:16:21+00:00","dateModified":"2022-06-20T08:54:34+00:00","breadcrumb":{"@id":"https:\/\/www.typsa.com\/en\/africa\/#breadcrumb"},"inLanguage":"en-US","potentialAction":[{"@type":"ReadAction","target":["https:\/\/www.typsa.com\/en\/africa\/"]}]},{"@type":"ImageObject","inLanguage":"en-US","@id":"https:\/\/www.typsa.com\/en\/africa\/#primaryimage","url":"https:\/\/www.typsa.com\/wp-content\/uploads\/logo-grupo-Typsa_centrado.jpg","contentUrl":"https:\/\/www.typsa.com\/wp-content\/uploads\/logo-grupo-Typsa_centrado.jpg"},{"@type":"BreadcrumbList","@id":"https:\/\/www.typsa.com\/en\/africa\/#breadcrumb","itemListElement":[{"@type":"ListItem","position":1,"name":"Home","item":"https:\/\/www.typsa.com\/en\/"},{"@type":"ListItem","position":2,"name":"Africa"}]},{"@type":"WebSite","@id":"https:\/\/www.typsa.com\/en\/#website","url":"https:\/\/www.typsa.com\/en\/","name":"Grupo TYPSA","description":"Grupo TYPSA","publisher":{"@id":"https:\/\/www.typsa.com\/en\/#organization"},"potentialAction":[{"@type":"SearchAction","target":{"@type":"EntryPoint","urlTemplate":"https:\/\/www.typsa.com\/en\/?s={search_term_string}"},"query-input":{"@type":"PropertyValueSpecification","valueRequired":true,"valueName":"search_term_string"}}],"inLanguage":"en-US"},{"@type":"Organization","@id":"https:\/\/www.typsa.com\/en\/#organization","name":"Grupo TYPSA","url":"https:\/\/www.typsa.com\/en\/","logo":{"@type":"ImageObject","inLanguage":"en-US","@id":"https:\/\/www.typsa.com\/en\/#\/schema\/logo\/image\/","url":"https:\/\/www.typsa.com\/wp-content\/uploads\/logo-grupo-Typsa-300x300-1.png","contentUrl":"https:\/\/www.typsa.com\/wp-content\/uploads\/logo-grupo-Typsa-300x300-1.png","width":300,"height":300,"caption":"Grupo TYPSA"},"image":{"@id":"https:\/\/www.typsa.com\/en\/#\/schema\/logo\/image\/"}}]}},"_links":{"self":[{"href":"https:\/\/www.typsa.com\/en\/wp-json\/wp\/v2\/pages\/61767","targetHints":{"allow":["GET"]}}],"collection":[{"href":"https:\/\/www.typsa.com\/en\/wp-json\/wp\/v2\/pages"}],"about":[{"href":"https:\/\/www.typsa.com\/en\/wp-json\/wp\/v2\/types\/page"}],"author":[{"embeddable":true,"href":"https:\/\/www.typsa.com\/en\/wp-json\/wp\/v2\/users\/1"}],"replies":[{"embeddable":true,"href":"https:\/\/www.typsa.com\/en\/wp-json\/wp\/v2\/comments?post=61767"}],"version-history":[{"count":0,"href":"https:\/\/www.typsa.com\/en\/wp-json\/wp\/v2\/pages\/61767\/revisions"}],"wp:attachment":[{"href":"https:\/\/www.typsa.com\/en\/wp-json\/wp\/v2\/media?parent=61767"}],"curies":[{"name":"wp","href":"https:\/\/api.w.org\/{rel}","templated":true}]}}